{"id":52359,"date":"2020-06-15T08:45:40","date_gmt":"2020-06-15T06:45:40","guid":{"rendered":"https:\/\/www.bodyplay.ch\/?page_id=52359"},"modified":"2026-01-20T09:26:16","modified_gmt":"2026-01-20T08:26:16","slug":"accueil","status":"publish","type":"page","link":"https:\/\/www.bodyplay.ch\/de\/","title":{"rendered":"ZUHAUSE"},"content":{"rendered":"<p>[et_pb_section fb_built=&#8220;1&#8243; fullwidth=&#8220;on&#8220; disabled_on=&#8220;off|off|off&#8220; _builder_version=&#8220;4.16&#8243; global_colors_info=&#8220;{}&#8220;][et_pb_fullwidth_slider admin_label=&#8220;Curseur de d\u00e9filement plein \u00e9cran&#8220; _builder_version=&#8220;4.16&#8243; header_text_color=&#8220;#ffffff&#8220; body_text_color=&#8220;#ffffff&#8220; height_phone=&#8220;300px&#8220; height_last_edited=&#8220;off|desktop&#8220; animation_style=&#8220;slide&#8220; auto=&#8220;on&#8220; auto_speed=&#8220;5000&#8243; auto_ignore_hover=&#8220;on&#8220; global_colors_info=&#8220;{}&#8220;][et_pb_slide heading=&#8220;MASSAGE SALON&#8220; use_bg_overlay=&#8220;on&#8220; bg_overlay_color=&#8220;rgba(0,0,0,0.3)&#8220; _builder_version=&#8220;4.16&#8243; header_font=&#8220;|||on|||||&#8220; header_text_color=&#8220;#ffffff&#8220; body_text_color=&#8220;#ffffff&#8220; background_enable_color=&#8220;off&#8220; background_image=&#8220;https:\/\/www.bodyplay.ch\/wp-content\/uploads\/2020\/06\/6_salon_erotique_lausanne.jpg&#8220; background_enable_image=&#8220;on&#8220; overflow-y=&#8220;visible&#8220; global_colors_info=&#8220;{}&#8220; sticky_transition=&#8220;on&#8220;]<\/p>\n<p style=\"text-align: center;\">in Lausanne<\/p>\n<p>[\/et_pb_slide][et_pb_slide heading=&#8220;Qualit\u00e4ts-Escortservice&#8220; use_bg_overlay=&#8220;on&#8220; bg_overlay_color=&#8220;rgba(0,0,0,0.3)&#8220; _builder_version=&#8220;4.16&#8243; header_font=&#8220;|||on|||||&#8220; header_text_color=&#8220;#ffffff&#8220; body_text_color=&#8220;#ffffff&#8220; background_enable_color=&#8220;off&#8220; background_image=&#8220;https:\/\/www.bodyplay.ch\/wp-content\/uploads\/2020\/06\/Chambre-doree-xx.jpg&#8220; background_enable_image=&#8220;on&#8220; custom_padding=&#8220;||||false|false&#8220; custom_padding_tablet=&#8220;&#8220; custom_padding_phone=&#8220;||||false|false&#8220; custom_padding_last_edited=&#8220;on|phone&#8220; global_colors_info=&#8220;{}&#8220; sticky_transition=&#8220;on&#8220;]<\/p>\n<p style=\"text-align: center;\">in Lausanne<\/p>\n<p>[\/et_pb_slide][\/et_pb_fullwidth_slider][et_pb_fullwidth_slider disabled_on=&#8220;on|on|on&#8220; admin_label=&#8220;Curseur de d\u00e9filement plein \u00e9cran&#8220; _builder_version=&#8220;4.16&#8243; header_text_color=&#8220;#ffffff&#8220; body_text_color=&#8220;#ffffff&#8220; height_phone=&#8220;300px&#8220; height_last_edited=&#8220;off|desktop&#8220; animation_style=&#8220;slide&#8220; auto=&#8220;on&#8220; auto_speed=&#8220;5000&#8243; auto_ignore_hover=&#8220;on&#8220; disabled=&#8220;on&#8220; global_colors_info=&#8220;{}&#8220;][et_pb_slide heading=&#8220;Salon de massage&#8220; use_bg_overlay=&#8220;on&#8220; bg_overlay_color=&#8220;rgba(0,0,0,0.3)&#8220; _builder_version=&#8220;4.16&#8243; header_font=&#8220;|||on|||||&#8220; header_text_color=&#8220;#ffffff&#8220; body_text_color=&#8220;#ffffff&#8220; background_enable_color=&#8220;off&#8220; background_image=&#8220;https:\/\/www.bodyplay.ch\/wp-content\/uploads\/2020\/06\/6_salon_erotique_lausanne.jpg&#8220; background_enable_image=&#8220;on&#8220; overflow-y=&#8220;visible&#8220; global_colors_info=&#8220;{}&#8220; sticky_transition=&#8220;on&#8220;]<\/p>\n<p style=\"text-align: center;\">\u00e0 Lausanne<\/p>\n<p>[\/et_pb_slide][et_pb_slide heading=&#8220;Service escorte de qualit\u00e9 &#8220; use_bg_overlay=&#8220;on&#8220; bg_overlay_color=&#8220;rgba(0,0,0,0.3)&#8220; _builder_version=&#8220;4.16&#8243; header_font=&#8220;|||on|||||&#8220; header_text_color=&#8220;#ffffff&#8220; body_text_color=&#8220;#ffffff&#8220; background_enable_color=&#8220;off&#8220; background_image=&#8220;https:\/\/www.bodyplay.ch\/wp-content\/uploads\/2020\/06\/Chambre-doree-xx.jpg&#8220; background_enable_image=&#8220;on&#8220; custom_padding=&#8220;||||false|false&#8220; custom_padding_tablet=&#8220;&#8220; custom_padding_phone=&#8220;0px||||false|false&#8220; custom_padding_last_edited=&#8220;on|phone&#8220; global_colors_info=&#8220;{}&#8220; sticky_transition=&#8220;on&#8220;]<\/p>\n<p style=\"text-align: center;\">\u00e0 Lausanne<\/p>\n<p>[\/et_pb_slide][\/et_pb_fullwidth_slider][\/et_pb_section][et_pb_section fb_built=&#8220;1&#8243; _builder_version=&#8220;4.16&#8243; custom_margin=&#8220;0px|0px|0px|0px|false|false&#8220; custom_padding=&#8220;0px|0px|0px|0px|false|false&#8220; global_colors_info=&#8220;{}&#8220;][et_pb_row column_structure=&#8220;1_4,1_4,1_4,1_4&#8243; use_custom_gutter=&#8220;on&#8220; gutter_width=&#8220;1&#8243; make_equal=&#8220;on&#8220; disabled_on=&#8220;on|off|off&#8220; _builder_version=&#8220;4.16&#8243; background_color=&#8220;#000000&#8243; width=&#8220;100%&#8220; max_width=&#8220;2560px&#8220; module_alignment=&#8220;center&#8220; custom_margin=&#8220;0px|0px|0px|0px|true|false&#8220; custom_padding=&#8220;0px|0px|0px|0px|true|true&#8220; global_colors_info=&#8220;{}&#8220;][et_pb_column type=&#8220;1_4&#8243; _builder_version=&#8220;4.16&#8243; background_color=&#8220;#ffd700&#8243; background_enable_color=&#8220;off&#8220; background_image=&#8220;https:\/\/www.bodyplay.ch\/wp-content\/uploads\/2020\/06\/8_salon_erotique_lausanne.jpg&#8220; custom_padding=&#8220;120px||120px||true|false&#8220; global_colors_info=&#8220;{}&#8220;][\/et_pb_column][et_pb_column type=&#8220;1_4&#8243; _builder_version=&#8220;4.16&#8243; background_color=&#8220;#000000&#8243; background_enable_image=&#8220;off&#8220; custom_padding=&#8220;150px||150px||true|false&#8220; global_colors_info=&#8220;{}&#8220;][et_pb_text _builder_version=&#8220;4.16&#8243; header_2_font=&#8220;|||on|||||&#8220; header_2_text_align=&#8220;center&#8220; text_orientation=&#8220;center&#8220; global_colors_info=&#8220;{}&#8220;]<\/p>\n<h2><a href=\"https:\/\/www.bodyplay.ch\/de\/planning\/\"><span style=\"color: #fff;\">PLANUNG<br \/>\n+<\/span><\/a><\/h2>\n<p>[\/et_pb_text][et_pb_divider show_divider=&#8220;off&#8220; _builder_version=&#8220;4.16&#8243; global_colors_info=&#8220;{}&#8220;][\/et_pb_divider][\/et_pb_column][et_pb_column type=&#8220;1_4&#8243; _builder_version=&#8220;4.16&#8243; background_color=&#8220;#ffd700&#8243; background_enable_color=&#8220;off&#8220; background_image=&#8220;https:\/\/www.bodyplay.ch\/wp-content\/uploads\/2020\/06\/NO-PHOTO.jpg&#8220; custom_padding=&#8220;120px||120px||true|false&#8220; global_colors_info=&#8220;{}&#8220;][\/et_pb_column][et_pb_column type=&#8220;1_4&#8243; _builder_version=&#8220;4.16&#8243; background_color=&#8220;#000000&#8243; background_enable_image=&#8220;off&#8220; custom_padding=&#8220;150px||150px||true|false&#8220; global_colors_info=&#8220;{}&#8220;][et_pb_text _builder_version=&#8220;4.27.4&#8243; header_2_font=&#8220;|||on|||||&#8220; header_2_text_align=&#8220;center&#8220; text_orientation=&#8220;center&#8220; hover_enabled=&#8220;0&#8243; global_colors_info=&#8220;{}&#8220; sticky_enabled=&#8220;0&#8243;]<\/p>\n<h2><a href=\"https:\/\/www.bodyplay.ch\/de\/planning\/\">HOSTESSEN+<\/a><\/h2>\n<p>[\/et_pb_text][et_pb_divider show_divider=&#8220;off&#8220; _builder_version=&#8220;4.16&#8243; global_colors_info=&#8220;{}&#8220;][\/et_pb_divider][\/et_pb_column][\/et_pb_row][et_pb_row use_custom_gutter=&#8220;on&#8220; gutter_width=&#8220;1&#8243; make_equal=&#8220;on&#8220; disabled_on=&#8220;off|on|on&#8220; _builder_version=&#8220;4.16&#8243; background_color=&#8220;#000000&#8243; width=&#8220;100%&#8220; max_width=&#8220;2560px&#8220; module_alignment=&#8220;center&#8220; custom_margin=&#8220;0px|0px|0px|0px|true|false&#8220; custom_padding=&#8220;0px|0px|0px|0px|true|true&#8220; global_colors_info=&#8220;{}&#8220;][et_pb_column type=&#8220;4_4&#8243; _builder_version=&#8220;4.16&#8243; background_color=&#8220;#ffd700&#8243; background_enable_color=&#8220;off&#8220; background_enable_image=&#8220;off&#8220; custom_padding=&#8220;120px||120px||true|false&#8220; global_colors_info=&#8220;{}&#8220;][et_pb_text _builder_version=&#8220;4.16&#8243; header_2_font=&#8220;|||on|||||&#8220; header_2_text_align=&#8220;center&#8220; text_orientation=&#8220;center&#8220; custom_margin=&#8220;0px||||false|false&#8220; custom_padding=&#8220;0px||||false|false&#8220; global_colors_info=&#8220;{}&#8220;]<\/p>\n<h2><a href=\"https:\/\/www.bodyplay.ch\/de\/planning\/\"><span style=\"color: #fff;\">PLANUNG<br \/>\n+<\/span><\/a><\/h2>\n<p>[\/et_pb_text][et_pb_divider show_divider=&#8220;off&#8220; _builder_version=&#8220;4.16&#8243; custom_margin=&#8220;50px||||false|false&#8220; global_colors_info=&#8220;{}&#8220;][\/et_pb_divider][et_pb_text _builder_version=&#8220;4.27.4&#8243; header_2_font=&#8220;|||on|||||&#8220; header_2_text_align=&#8220;center&#8220; text_orientation=&#8220;center&#8220; hover_enabled=&#8220;0&#8243; global_colors_info=&#8220;{}&#8220; sticky_enabled=&#8220;0&#8243;]<\/p>\n<h2><a href=\"https:\/\/www.bodyplay.ch\/de\/planning\/\">HOSTESSEN+<\/a><\/h2>\n<p>[\/et_pb_text][\/et_pb_column][\/et_pb_row][\/et_pb_section]<\/p>\n","protected":false},"excerpt":{"rendered":"<p>in Lausannein Lausanne\u00e0 Lausanne\u00e0 LausannePLANUNG +HOSTESSEN+PLANUNG +HOSTESSEN+<\/p>\n","protected":false},"author":1,"featured_media":0,"parent":0,"menu_order":0,"comment_status":"closed","ping_status":"closed","template":"","meta":{"_acf_changed":false,"_et_pb_use_builder":"on","_et_pb_old_content":"[et_pb_section fb_built=\"1\" fullwidth=\"on\" disabled_on=\"off|off|off\" _builder_version=\"4.4.1\"][et_pb_fullwidth_slider admin_label=\"Curseur de d\u00e9filement plein \u00e9cran\" _builder_version=\"4.4.1\" header_text_color=\"#ffffff\" body_text_color=\"#ffffff\" height_phone=\"300px\" height_last_edited=\"off|desktop\" animation_style=\"slide\" auto=\"on\" auto_speed=\"5000\" auto_ignore_hover=\"on\" hover_enabled=\"0\"][et_pb_slide heading=\"Salon de massage\" use_bg_overlay=\"on\" bg_overlay_color=\"rgba(0,0,0,0.3)\" _builder_version=\"4.4.1\" header_font=\"|||on|||||\" header_text_color=\"#ffffff\" body_text_color=\"#ffffff\" background_enable_color=\"off\" background_image=\"https:\/\/www.bodyplay.ch\/wp-content\/uploads\/2020\/06\/6_salon_erotique_lausanne.jpg\" background_enable_image=\"on\" hover_enabled=\"0\" overflow-y=\"visible\"]<p style=\"text-align: center;\">\u00e0 Lausanne<\/p>[\/et_pb_slide][et_pb_slide heading=\"Service escorte de qualit\u00e9 \" use_bg_overlay=\"on\" bg_overlay_color=\"rgba(0,0,0,0.3)\" _builder_version=\"4.4.1\" header_font=\"|||on|||||\" header_text_color=\"#ffffff\" body_text_color=\"#ffffff\" background_enable_color=\"off\" background_image=\"https:\/\/www.bodyplay.ch\/wp-content\/uploads\/2020\/06\/Chambre-doree-xx.jpg\" background_enable_image=\"on\" custom_padding=\"||||false|false\" custom_padding_tablet=\"\" custom_padding_phone=\"0px||||false|false\" custom_padding_last_edited=\"on|phone\" hover_enabled=\"0\"]<p style=\"text-align: center;\">\u00e0 Lausanne<\/p>[\/et_pb_slide][\/et_pb_fullwidth_slider][et_pb_fullwidth_slider admin_label=\"Curseur de d\u00e9filement plein \u00e9cran\" _builder_version=\"4.4.1\" header_text_color=\"#ffffff\" body_text_color=\"#ffffff\" height_phone=\"300px\" height_last_edited=\"off|desktop\" animation_style=\"slide\" auto=\"on\" auto_speed=\"5000\" auto_ignore_hover=\"on\" hover_enabled=\"0\" disabled_on=\"on|on|on\" disabled=\"on\"][et_pb_slide heading=\"Salon de massage\" use_bg_overlay=\"on\" bg_overlay_color=\"rgba(0,0,0,0.3)\" _builder_version=\"4.4.1\" header_font=\"|||on|||||\" header_text_color=\"#ffffff\" body_text_color=\"#ffffff\" background_enable_color=\"off\" background_image=\"https:\/\/www.bodyplay.ch\/wp-content\/uploads\/2020\/06\/6_salon_erotique_lausanne.jpg\" background_enable_image=\"on\" hover_enabled=\"0\" overflow-y=\"visible\"]<p style=\"text-align: center;\">\u00e0 Lausanne<\/p>[\/et_pb_slide][et_pb_slide heading=\"Service escorte de qualit\u00e9 \" use_bg_overlay=\"on\" bg_overlay_color=\"rgba(0,0,0,0.3)\" _builder_version=\"4.4.1\" header_font=\"|||on|||||\" header_text_color=\"#ffffff\" body_text_color=\"#ffffff\" background_enable_color=\"off\" background_image=\"https:\/\/www.bodyplay.ch\/wp-content\/uploads\/2020\/06\/Chambre-doree-xx.jpg\" background_enable_image=\"on\" custom_padding=\"||||false|false\" custom_padding_tablet=\"\" custom_padding_phone=\"0px||||false|false\" custom_padding_last_edited=\"on|phone\" hover_enabled=\"0\"]<p style=\"text-align: center;\">\u00e0 Lausanne<\/p>[\/et_pb_slide][\/et_pb_fullwidth_slider][\/et_pb_section][et_pb_section fb_built=\"1\" _builder_version=\"4.4.1\" custom_margin=\"0px|0px|0px|0px|false|false\" custom_padding=\"0px|0px|0px|0px|false|false\"][et_pb_row column_structure=\"1_4,1_4,1_4,1_4\" use_custom_gutter=\"on\" gutter_width=\"1\" make_equal=\"on\" disabled_on=\"on|off|off\" _builder_version=\"4.4.1\" background_color=\"#000000\" width=\"100%\" max_width=\"2560px\" module_alignment=\"center\" custom_margin=\"0px|0px|0px|0px|true|false\" custom_padding=\"0px|0px|0px|0px|true|true\"][et_pb_column type=\"1_4\" _builder_version=\"4.4.1\" background_color=\"#ffd700\" background_enable_color=\"off\" background_image=\"https:\/\/www.bodyplay.ch\/wp-content\/uploads\/2020\/06\/8_salon_erotique_lausanne.jpg\" custom_padding=\"120px||120px||true|false\"][\/et_pb_column][et_pb_column type=\"1_4\" _builder_version=\"4.4.1\" background_color=\"#000000\" background_enable_image=\"off\" custom_padding=\"150px||150px||true|false\"][et_pb_text _builder_version=\"4.4.1\" header_2_font=\"|||on|||||\" header_2_text_align=\"center\" text_orientation=\"center\"]<h2><a href=\"https:\/\/www.bodyplay.ch\/?page_id=19\"><span style=\"color: #fff;\">PLANNING\r\n+<\/span><\/a><\/h2>[\/et_pb_text][et_pb_divider show_divider=\"off\" _builder_version=\"4.4.1\"][\/et_pb_divider][\/et_pb_column][et_pb_column type=\"1_4\" _builder_version=\"4.4.1\" background_color=\"#ffd700\" background_enable_color=\"off\" background_image=\"https:\/\/www.bodyplay.ch\/wp-content\/uploads\/2020\/06\/NO-PHOTO.jpg\" custom_padding=\"120px||120px||true|false\"][\/et_pb_column][et_pb_column type=\"1_4\" _builder_version=\"4.4.1\" background_color=\"#000000\" background_enable_image=\"off\" custom_padding=\"150px||150px||true|false\"][et_pb_text _builder_version=\"4.4.1\" header_2_font=\"|||on|||||\" header_2_text_align=\"center\" text_orientation=\"center\"]<h2><a href=\"https:\/\/www.bodyplay.ch\/?page_id=19\"><span style=\"color: #fff;\">LES H\u00d4TESSES<br \/> +<\/span><\/a><\/h2>[\/et_pb_text][et_pb_divider show_divider=\"off\" _builder_version=\"4.4.1\"][\/et_pb_divider][\/et_pb_column][\/et_pb_row][et_pb_row use_custom_gutter=\"on\" gutter_width=\"1\" make_equal=\"on\" disabled_on=\"off|on|on\" _builder_version=\"4.4.1\" background_color=\"#000000\" width=\"100%\" max_width=\"2560px\" module_alignment=\"center\" custom_margin=\"0px|0px|0px|0px|true|false\" custom_padding=\"0px|0px|0px|0px|true|true\"][et_pb_column type=\"4_4\" _builder_version=\"4.4.1\" background_color=\"#ffd700\" background_enable_color=\"off\" background_enable_image=\"off\" custom_padding=\"120px||120px||true|false\"][et_pb_text _builder_version=\"4.4.1\" header_2_font=\"|||on|||||\" header_2_text_align=\"center\" text_orientation=\"center\" custom_margin=\"0px||||false|false\" custom_padding=\"0px||||false|false\"]<h2><a href=\"https:\/\/www.bodyplay.ch\/?page_id=19\"><span style=\"color: #fff;\">PLANNING\r\n+<\/span><\/a><\/h2>[\/et_pb_text][et_pb_divider show_divider=\"off\" _builder_version=\"4.4.1\" custom_margin=\"50px||||false|false\"][\/et_pb_divider][et_pb_text _builder_version=\"4.4.1\" header_2_font=\"|||on|||||\" header_2_text_align=\"center\" text_orientation=\"center\"]<h2><a href=\"https:\/\/www.bodyplay.ch\/?page_id=19\"><span style=\"color: #fff;\">LES H\u00d4TESSES<br \/> +<\/span><\/a><\/h2>[\/et_pb_text][\/et_pb_column][\/et_pb_row][\/et_pb_section]","_et_gb_content_width":"","footnotes":""},"class_list":["post-52359","page","type-page","status-publish","hentry"],"acf":[],"yoast_head":"<!-- This site is optimized with the Yoast SEO plugin v25.0 - https:\/\/yoast.com\/wordpress\/plugins\/seo\/ -->\n<title>ZUHAUSE - BodyPlay<\/title>\n<meta name=\"robots\" content=\"index, follow, max-snippet:-1, max-image-preview:large, max-video-preview:-1\" \/>\n<link rel=\"canonical\" href=\"https:\/\/www.bodyplay.ch\/de\/\" \/>\n<meta property=\"og:locale\" content=\"de_DE\" \/>\n<meta property=\"og:type\" content=\"article\" \/>\n<meta property=\"og:title\" content=\"ZUHAUSE - BodyPlay\" \/>\n<meta property=\"og:description\" content=\"in Lausannein Lausanne\u00e0 Lausanne\u00e0 LausannePLANUNG +HOSTESSEN+PLANUNG +HOSTESSEN+\" \/>\n<meta property=\"og:url\" content=\"https:\/\/www.bodyplay.ch\/de\/\" \/>\n<meta property=\"og:site_name\" content=\"BodyPlay\" \/>\n<meta property=\"article:modified_time\" content=\"2026-01-20T08:26:16+00:00\" \/>\n<meta name=\"twitter:card\" content=\"summary_large_image\" \/>\n<meta name=\"twitter:label1\" content=\"Gesch\u00e4tzte Lesezeit\" \/>\n\t<meta name=\"twitter:data1\" content=\"4\u00a0Minuten\" \/>\n<script type=\"application\/ld+json\" class=\"yoast-schema-graph\">{\"@context\":\"https:\/\/schema.org\",\"@graph\":[{\"@type\":\"WebPage\",\"@id\":\"https:\/\/www.bodyplay.ch\/de\/\",\"url\":\"https:\/\/www.bodyplay.ch\/de\/\",\"name\":\"ZUHAUSE - BodyPlay\",\"isPartOf\":{\"@id\":\"https:\/\/www.bodyplay.ch\/#website\"},\"datePublished\":\"2020-06-15T06:45:40+00:00\",\"dateModified\":\"2026-01-20T08:26:16+00:00\",\"breadcrumb\":{\"@id\":\"https:\/\/www.bodyplay.ch\/de\/#breadcrumb\"},\"inLanguage\":\"de\",\"potentialAction\":[{\"@type\":\"ReadAction\",\"target\":[\"https:\/\/www.bodyplay.ch\/de\/\"]}]},{\"@type\":\"BreadcrumbList\",\"@id\":\"https:\/\/www.bodyplay.ch\/de\/#breadcrumb\",\"itemListElement\":[{\"@type\":\"ListItem\",\"position\":1,\"name\":\"Accueil\",\"item\":\"https:\/\/www.bodyplay.ch\/de\/\"},{\"@type\":\"ListItem\",\"position\":2,\"name\":\"ZUHAUSE\"}]},{\"@type\":\"WebSite\",\"@id\":\"https:\/\/www.bodyplay.ch\/#website\",\"url\":\"https:\/\/www.bodyplay.ch\/\",\"name\":\"BodyPlay\",\"description\":\"Salon massage \u00e9rotique, service escorte de qualit\u00e9 \u00e0 Lausanne\",\"publisher\":{\"@id\":\"https:\/\/www.bodyplay.ch\/#organization\"},\"potentialAction\":[{\"@type\":\"SearchAction\",\"target\":{\"@type\":\"EntryPoint\",\"urlTemplate\":\"https:\/\/www.bodyplay.ch\/?s={search_term_string}\"},\"query-input\":{\"@type\":\"PropertyValueSpecification\",\"valueRequired\":true,\"valueName\":\"search_term_string\"}}],\"inLanguage\":\"de\"},{\"@type\":\"Organization\",\"@id\":\"https:\/\/www.bodyplay.ch\/#organization\",\"name\":\"BodyPlay\",\"url\":\"https:\/\/www.bodyplay.ch\/\",\"logo\":{\"@type\":\"ImageObject\",\"inLanguage\":\"de\",\"@id\":\"https:\/\/www.bodyplay.ch\/#\/schema\/logo\/image\/\",\"url\":\"https:\/\/www.bodyplay.ch\/wp-content\/uploads\/2021\/07\/logo.png\",\"contentUrl\":\"https:\/\/www.bodyplay.ch\/wp-content\/uploads\/2021\/07\/logo.png\",\"width\":1600,\"height\":555,\"caption\":\"BodyPlay\"},\"image\":{\"@id\":\"https:\/\/www.bodyplay.ch\/#\/schema\/logo\/image\/\"}}]}<\/script>\n<!-- \/ Yoast SEO plugin. -->","yoast_head_json":{"title":"ZUHAUSE - BodyPlay","robots":{"index":"index","follow":"follow","max-snippet":"max-snippet:-1","max-image-preview":"max-image-preview:large","max-video-preview":"max-video-preview:-1"},"canonical":"https:\/\/www.bodyplay.ch\/de\/","og_locale":"de_DE","og_type":"article","og_title":"ZUHAUSE - BodyPlay","og_description":"in Lausannein Lausanne\u00e0 Lausanne\u00e0 LausannePLANUNG +HOSTESSEN+PLANUNG +HOSTESSEN+","og_url":"https:\/\/www.bodyplay.ch\/de\/","og_site_name":"BodyPlay","article_modified_time":"2026-01-20T08:26:16+00:00","twitter_card":"summary_large_image","twitter_misc":{"Gesch\u00e4tzte Lesezeit":"4\u00a0Minuten"},"schema":{"@context":"https:\/\/schema.org","@graph":[{"@type":"WebPage","@id":"https:\/\/www.bodyplay.ch\/de\/","url":"https:\/\/www.bodyplay.ch\/de\/","name":"ZUHAUSE - BodyPlay","isPartOf":{"@id":"https:\/\/www.bodyplay.ch\/#website"},"datePublished":"2020-06-15T06:45:40+00:00","dateModified":"2026-01-20T08:26:16+00:00","breadcrumb":{"@id":"https:\/\/www.bodyplay.ch\/de\/#breadcrumb"},"inLanguage":"de","potentialAction":[{"@type":"ReadAction","target":["https:\/\/www.bodyplay.ch\/de\/"]}]},{"@type":"BreadcrumbList","@id":"https:\/\/www.bodyplay.ch\/de\/#breadcrumb","itemListElement":[{"@type":"ListItem","position":1,"name":"Accueil","item":"https:\/\/www.bodyplay.ch\/de\/"},{"@type":"ListItem","position":2,"name":"ZUHAUSE"}]},{"@type":"WebSite","@id":"https:\/\/www.bodyplay.ch\/#website","url":"https:\/\/www.bodyplay.ch\/","name":"BodyPlay","description":"Salon massage \u00e9rotique, service escorte de qualit\u00e9 \u00e0 Lausanne","publisher":{"@id":"https:\/\/www.bodyplay.ch\/#organization"},"potentialAction":[{"@type":"SearchAction","target":{"@type":"EntryPoint","urlTemplate":"https:\/\/www.bodyplay.ch\/?s={search_term_string}"},"query-input":{"@type":"PropertyValueSpecification","valueRequired":true,"valueName":"search_term_string"}}],"inLanguage":"de"},{"@type":"Organization","@id":"https:\/\/www.bodyplay.ch\/#organization","name":"BodyPlay","url":"https:\/\/www.bodyplay.ch\/","logo":{"@type":"ImageObject","inLanguage":"de","@id":"https:\/\/www.bodyplay.ch\/#\/schema\/logo\/image\/","url":"https:\/\/www.bodyplay.ch\/wp-content\/uploads\/2021\/07\/logo.png","contentUrl":"https:\/\/www.bodyplay.ch\/wp-content\/uploads\/2021\/07\/logo.png","width":1600,"height":555,"caption":"BodyPlay"},"image":{"@id":"https:\/\/www.bodyplay.ch\/#\/schema\/logo\/image\/"}}]}},"_links":{"self":[{"href":"https:\/\/www.bodyplay.ch\/de\/wp-json\/wp\/v2\/pages\/52359","targetHints":{"allow":["GET"]}}],"collection":[{"href":"https:\/\/www.bodyplay.ch\/de\/wp-json\/wp\/v2\/pages"}],"about":[{"href":"https:\/\/www.bodyplay.ch\/de\/wp-json\/wp\/v2\/types\/page"}],"author":[{"embeddable":true,"href":"https:\/\/www.bodyplay.ch\/de\/wp-json\/wp\/v2\/users\/1"}],"replies":[{"embeddable":true,"href":"https:\/\/www.bodyplay.ch\/de\/wp-json\/wp\/v2\/comments?post=52359"}],"version-history":[{"count":7,"href":"https:\/\/www.bodyplay.ch\/de\/wp-json\/wp\/v2\/pages\/52359\/revisions"}],"predecessor-version":[{"id":102348,"href":"https:\/\/www.bodyplay.ch\/de\/wp-json\/wp\/v2\/pages\/52359\/revisions\/102348"}],"wp:attachment":[{"href":"https:\/\/www.bodyplay.ch\/de\/wp-json\/wp\/v2\/media?parent=52359"}],"curies":[{"name":"wp","href":"https:\/\/api.w.org\/{rel}","templated":true}]}}