{"id":52424,"date":"2020-03-25T14:47:17","date_gmt":"2020-03-25T13:47:17","guid":{"rendered":"https:\/\/www.bodyplay.ch\/contact\/"},"modified":"2023-12-11T09:01:16","modified_gmt":"2023-12-11T08:01:16","slug":"gentlemen-massage-salon-lausanne-total-discretion","status":"publish","type":"page","link":"https:\/\/www.bodyplay.ch\/en\/gentlemen-massage-salon-lausanne-total-discretion\/","title":{"rendered":"CONTACT"},"content":{"rendered":"<p>[et_pb_section fb_built=&#8221;1&#8243; fullwidth=&#8221;on&#8221; _builder_version=&#8221;4.16&#8243; global_colors_info=&#8221;{}&#8221;][et_pb_fullwidth_slider use_bg_overlay=&#8221;off&#8221; _builder_version=&#8221;4.16&#8243; height_tablet=&#8221;&#8221; height_phone=&#8221;200px&#8221; height_last_edited=&#8221;on|phone&#8221; global_colors_info=&#8221;{}&#8221;][et_pb_slide heading=&#8221;CONTACT&#8221; use_bg_overlay=&#8221;on&#8221; bg_overlay_color=&#8221;rgba(0,0,0,0.4)&#8221; _builder_version=&#8221;4.16&#8243; header_text_color=&#8221;#ffd700&#8243; background_enable_color=&#8221;off&#8221; background_image=&#8221;https:\/\/www.bodyplay.ch\/wp-content\/uploads\/2020\/06\/0_salon_erotique_lausanne.jpg&#8221; background_enable_image=&#8221;on&#8221; global_colors_info=&#8221;{}&#8221; sticky_transition=&#8221;on&#8221;][\/et_pb_slide][\/et_pb_fullwidth_slider][\/et_pb_section][et_pb_section fb_built=&#8221;1&#8243; _builder_version=&#8221;4.16&#8243; global_colors_info=&#8221;{}&#8221;][et_pb_row column_structure=&#8221;1_5,3_5,1_5&#8243; _builder_version=&#8221;4.16&#8243; global_colors_info=&#8221;{}&#8221;][et_pb_column type=&#8221;1_5&#8243; _builder_version=&#8221;4.16&#8243; global_colors_info=&#8221;{}&#8221;][\/et_pb_column][et_pb_column type=&#8221;3_5&#8243; _builder_version=&#8221;4.16&#8243; global_colors_info=&#8221;{}&#8221;][et_pb_text module_class=&#8221;Titre-home&#8221; _builder_version=&#8221;4.16&#8243; header_2_font=&#8221;|||on|||||&#8221; header_2_text_align=&#8221;center&#8221; text_orientation=&#8221;center&#8221; global_colors_info=&#8221;{}&#8221;]<\/p>\n<h1>Gentlemen massage salon, total discretion, in Lausanne<\/h1>\n<p>[\/et_pb_text][et_pb_contact_form use_spam_service=&#8221;on&#8221; recaptcha_list=&#8221;bodyplay &#8211; v3-0&#8243; email=&#8221;info@bodyplay.ch&#8221; submit_button_text=&#8221;SEND&#8221; _builder_version=&#8221;4.21.0&#8243; _unique_id=&#8221;4a8ff050-ba15-4bd3-9e69-ab2e7f1f1348&#8243; hover_enabled=&#8221;0&#8243; global_colors_info=&#8221;{}&#8221; sticky_enabled=&#8221;0&#8243;][et_pb_contact_field field_id=&#8221;Name&#8221; field_title=&#8221;NAME &#038; SURNAME&#8221; _builder_version=&#8221;4.16&#8243; global_colors_info=&#8221;{}&#8221; button_text_size__hover_enabled=&#8221;off&#8221; button_one_text_size__hover_enabled=&#8221;off&#8221; button_two_text_size__hover_enabled=&#8221;off&#8221; button_text_color__hover_enabled=&#8221;off&#8221; button_one_text_color__hover_enabled=&#8221;off&#8221; button_two_text_color__hover_enabled=&#8221;off&#8221; button_border_width__hover_enabled=&#8221;off&#8221; button_one_border_width__hover_enabled=&#8221;off&#8221; button_two_border_width__hover_enabled=&#8221;off&#8221; button_border_color__hover_enabled=&#8221;off&#8221; button_one_border_color__hover_enabled=&#8221;off&#8221; button_two_border_color__hover_enabled=&#8221;off&#8221; button_border_radius__hover_enabled=&#8221;off&#8221; button_one_border_radius__hover_enabled=&#8221;off&#8221; button_two_border_radius__hover_enabled=&#8221;off&#8221; button_letter_spacing__hover_enabled=&#8221;off&#8221; button_one_letter_spacing__hover_enabled=&#8221;off&#8221; button_two_letter_spacing__hover_enabled=&#8221;off&#8221; button_bg_color__hover_enabled=&#8221;off&#8221; button_one_bg_color__hover_enabled=&#8221;off&#8221; button_two_bg_color__hover_enabled=&#8221;off&#8221;][\/et_pb_contact_field][et_pb_contact_field field_id=&#8221;sujet&#8221; field_title=&#8221;SUBJECT&#8221; _builder_version=&#8221;4.16&#8243; global_colors_info=&#8221;{}&#8221; button_text_size__hover_enabled=&#8221;off&#8221; button_one_text_size__hover_enabled=&#8221;off&#8221; button_two_text_size__hover_enabled=&#8221;off&#8221; button_text_color__hover_enabled=&#8221;off&#8221; button_one_text_color__hover_enabled=&#8221;off&#8221; button_two_text_color__hover_enabled=&#8221;off&#8221; button_border_width__hover_enabled=&#8221;off&#8221; button_one_border_width__hover_enabled=&#8221;off&#8221; button_two_border_width__hover_enabled=&#8221;off&#8221; button_border_color__hover_enabled=&#8221;off&#8221; button_one_border_color__hover_enabled=&#8221;off&#8221; button_two_border_color__hover_enabled=&#8221;off&#8221; button_border_radius__hover_enabled=&#8221;off&#8221; button_one_border_radius__hover_enabled=&#8221;off&#8221; button_two_border_radius__hover_enabled=&#8221;off&#8221; button_letter_spacing__hover_enabled=&#8221;off&#8221; button_one_letter_spacing__hover_enabled=&#8221;off&#8221; button_two_letter_spacing__hover_enabled=&#8221;off&#8221; button_bg_color__hover_enabled=&#8221;off&#8221; button_one_bg_color__hover_enabled=&#8221;off&#8221; button_two_bg_color__hover_enabled=&#8221;off&#8221;][\/et_pb_contact_field][et_pb_contact_field field_id=&#8221;Email&#8221; field_title=&#8221;EMAIL&#8221; field_type=&#8221;email&#8221; _builder_version=&#8221;4.16&#8243; global_colors_info=&#8221;{}&#8221; button_text_size__hover_enabled=&#8221;off&#8221; button_one_text_size__hover_enabled=&#8221;off&#8221; button_two_text_size__hover_enabled=&#8221;off&#8221; button_text_color__hover_enabled=&#8221;off&#8221; button_one_text_color__hover_enabled=&#8221;off&#8221; button_two_text_color__hover_enabled=&#8221;off&#8221; button_border_width__hover_enabled=&#8221;off&#8221; button_one_border_width__hover_enabled=&#8221;off&#8221; button_two_border_width__hover_enabled=&#8221;off&#8221; button_border_color__hover_enabled=&#8221;off&#8221; button_one_border_color__hover_enabled=&#8221;off&#8221; button_two_border_color__hover_enabled=&#8221;off&#8221; button_border_radius__hover_enabled=&#8221;off&#8221; button_one_border_radius__hover_enabled=&#8221;off&#8221; button_two_border_radius__hover_enabled=&#8221;off&#8221; button_letter_spacing__hover_enabled=&#8221;off&#8221; button_one_letter_spacing__hover_enabled=&#8221;off&#8221; button_two_letter_spacing__hover_enabled=&#8221;off&#8221; button_bg_color__hover_enabled=&#8221;off&#8221; button_one_bg_color__hover_enabled=&#8221;off&#8221; button_two_bg_color__hover_enabled=&#8221;off&#8221;][\/et_pb_contact_field][et_pb_contact_field field_id=&#8221;Message&#8221; field_title=&#8221;MESSAGE&#8221; field_type=&#8221;text&#8221; fullwidth_field=&#8221;on&#8221; _builder_version=&#8221;4.16&#8243; global_colors_info=&#8221;{}&#8221; button_text_size__hover_enabled=&#8221;off&#8221; button_one_text_size__hover_enabled=&#8221;off&#8221; button_two_text_size__hover_enabled=&#8221;off&#8221; button_text_color__hover_enabled=&#8221;off&#8221; button_one_text_color__hover_enabled=&#8221;off&#8221; button_two_text_color__hover_enabled=&#8221;off&#8221; button_border_width__hover_enabled=&#8221;off&#8221; button_one_border_width__hover_enabled=&#8221;off&#8221; button_two_border_width__hover_enabled=&#8221;off&#8221; button_border_color__hover_enabled=&#8221;off&#8221; button_one_border_color__hover_enabled=&#8221;off&#8221; button_two_border_color__hover_enabled=&#8221;off&#8221; button_border_radius__hover_enabled=&#8221;off&#8221; button_one_border_radius__hover_enabled=&#8221;off&#8221; button_two_border_radius__hover_enabled=&#8221;off&#8221; button_letter_spacing__hover_enabled=&#8221;off&#8221; button_one_letter_spacing__hover_enabled=&#8221;off&#8221; button_two_letter_spacing__hover_enabled=&#8221;off&#8221; button_bg_color__hover_enabled=&#8221;off&#8221; button_one_bg_color__hover_enabled=&#8221;off&#8221; button_two_bg_color__hover_enabled=&#8221;off&#8221;][\/et_pb_contact_field][et_pb_contact_field fullwidth_field=&#8221;on&#8221; _builder_version=&#8221;4.21.0&#8243; _module_preset=&#8221;default&#8221; field_id=&#8221;acceptance&#8221; field_title=&#8221;Privacy Policy&#8221; field_type=&#8221;checkbox&#8221; checkbox_options=&#8221;%91{%22value%22:%22To submit this form, you must accept our %22,%22checked%22:0,%22dragID%22:-1,%22link_text%22:%22Privacy Policy%22,%22link_url%22:%22\/en\/privacy-policy\/%22}%93&#8243; hover_enabled=&#8221;0&#8243; sticky_enabled=&#8221;0&#8243;][\/et_pb_contact_field][\/et_pb_contact_form][\/et_pb_column][et_pb_column type=&#8221;1_5&#8243; _builder_version=&#8221;4.16&#8243; global_colors_info=&#8221;{}&#8221;][\/et_pb_column][\/et_pb_row][\/et_pb_section][et_pb_section fb_built=&#8221;1&#8243; fullwidth=&#8221;on&#8221; _builder_version=&#8221;4.16&#8243; global_colors_info=&#8221;{}&#8221;][et_pb_fullwidth_code _builder_version=&#8221;4.16&#8243; global_colors_info=&#8221;{}&#8221;]<iframe loading=\"lazy\" src=\"https:\/\/www.google.com\/maps\/embed?pb=!1m18!1m12!1m3!1d2745.148218707344!2d6.601286715593336!3d46.52496877912786!2m3!1f0!2f0!3f0!3m2!1i1024!2i768!4f13.1!3m3!1m2!1s0x478c31cec71ec6a9%3A0xf5a49635fe9dbf7!2sChemin%20de%20Malley%2030%2C%201007%20Lausanne%2C%20Suisse!5e0!3m2!1sfr!2sma!4v1585322906449!5m2!1sfr!2sma\" width=\"100%\" height=\"450\" frameborder=\"0\" style=\"border:0;\" allowfullscreen=\"\" aria-hidden=\"false\" tabindex=\"0\"><\/iframe>[\/et_pb_fullwidth_code][\/et_pb_section]<\/p>\n","protected":false},"excerpt":{"rendered":"<p>Gentlemen massage salon, total discretion, in Lausanne<\/p>\n","protected":false},"author":1,"featured_media":0,"parent":0,"menu_order":0,"comment_status":"closed","ping_status":"closed","template":"","meta":{"_acf_changed":false,"_et_pb_use_builder":"on","_et_pb_old_content":"","_et_gb_content_width":"","footnotes":""},"class_list":["post-52424","page","type-page","status-publish","hentry"],"acf":[],"yoast_head":"<!-- This site is optimized with the Yoast SEO plugin v25.0 - https:\/\/yoast.com\/wordpress\/plugins\/seo\/ -->\n<title>Bodyplay\u00a0|\u00a0Gentlemen massage salon, total discretion, in Lausanne<\/title>\n<meta name=\"description\" content=\"The\u00a0Bodyplay\u00a0gentlemen massage salon opens its doors to you in the\u00a0heart\u00a0of Lausanne.\u00a0The erotic massage salon provides quality escort service.\u00a0High standing hostesses, clean rooms and impeccable hygiene, total discretion, GFE, tantric massage and prostatitis.\u00a0Contact us for any questions.\" \/>\n<meta name=\"robots\" content=\"index, follow, max-snippet:-1, max-image-preview:large, max-video-preview:-1\" \/>\n<link rel=\"canonical\" href=\"https:\/\/www.bodyplay.ch\/salon-massage-erotique-lausanne-totale-discretion\/\" \/>\n<meta property=\"og:locale\" content=\"en_US\" \/>\n<meta property=\"og:type\" content=\"article\" \/>\n<meta property=\"og:title\" content=\"Bodyplay\u00a0|\u00a0Gentlemen massage salon, total discretion, in Lausanne\" \/>\n<meta property=\"og:description\" content=\"The\u00a0Bodyplay\u00a0gentlemen massage salon opens its doors to you in the\u00a0heart\u00a0of Lausanne.\u00a0The erotic massage salon provides quality escort service.\u00a0High standing hostesses, clean rooms and impeccable hygiene, total discretion, GFE, tantric massage and prostatitis.\u00a0Contact us for any questions.\" \/>\n<meta property=\"og:url\" content=\"https:\/\/www.bodyplay.ch\/salon-massage-erotique-lausanne-totale-discretion\/\" \/>\n<meta property=\"og:site_name\" content=\"BodyPlay\" \/>\n<meta property=\"article:modified_time\" content=\"2023-12-11T08:01:16+00:00\" \/>\n<meta name=\"twitter:card\" content=\"summary_large_image\" \/>\n<meta name=\"twitter:label1\" content=\"Est. reading time\" \/>\n\t<meta name=\"twitter:data1\" content=\"1 minute\" \/>\n<script type=\"application\/ld+json\" class=\"yoast-schema-graph\">{\"@context\":\"https:\/\/schema.org\",\"@graph\":[{\"@type\":\"WebPage\",\"@id\":\"https:\/\/www.bodyplay.ch\/salon-massage-erotique-lausanne-totale-discretion\/\",\"url\":\"https:\/\/www.bodyplay.ch\/salon-massage-erotique-lausanne-totale-discretion\/\",\"name\":\"Bodyplay\u00a0|\u00a0Gentlemen massage salon, total discretion, in Lausanne\",\"isPartOf\":{\"@id\":\"https:\/\/www.bodyplay.ch\/#website\"},\"datePublished\":\"2020-03-25T13:47:17+00:00\",\"dateModified\":\"2023-12-11T08:01:16+00:00\",\"description\":\"The\u00a0Bodyplay\u00a0gentlemen massage salon opens its doors to you in the\u00a0heart\u00a0of Lausanne.\u00a0The erotic massage salon provides quality escort service.\u00a0High standing hostesses, clean rooms and impeccable hygiene, total discretion, GFE, tantric massage and prostatitis.\u00a0Contact us for any questions.\",\"breadcrumb\":{\"@id\":\"https:\/\/www.bodyplay.ch\/salon-massage-erotique-lausanne-totale-discretion\/#breadcrumb\"},\"inLanguage\":\"en-US\",\"potentialAction\":[{\"@type\":\"ReadAction\",\"target\":[\"https:\/\/www.bodyplay.ch\/salon-massage-erotique-lausanne-totale-discretion\/\"]}]},{\"@type\":\"BreadcrumbList\",\"@id\":\"https:\/\/www.bodyplay.ch\/salon-massage-erotique-lausanne-totale-discretion\/#breadcrumb\",\"itemListElement\":[{\"@type\":\"ListItem\",\"position\":1,\"name\":\"Accueil\",\"item\":\"https:\/\/www.bodyplay.ch\/en\/\"},{\"@type\":\"ListItem\",\"position\":2,\"name\":\"CONTACT\"}]},{\"@type\":\"WebSite\",\"@id\":\"https:\/\/www.bodyplay.ch\/#website\",\"url\":\"https:\/\/www.bodyplay.ch\/\",\"name\":\"BodyPlay\",\"description\":\"Salon massage \u00e9rotique, service escorte de qualit\u00e9 \u00e0 Lausanne\",\"publisher\":{\"@id\":\"https:\/\/www.bodyplay.ch\/#organization\"},\"potentialAction\":[{\"@type\":\"SearchAction\",\"target\":{\"@type\":\"EntryPoint\",\"urlTemplate\":\"https:\/\/www.bodyplay.ch\/?s={search_term_string}\"},\"query-input\":{\"@type\":\"PropertyValueSpecification\",\"valueRequired\":true,\"valueName\":\"search_term_string\"}}],\"inLanguage\":\"en-US\"},{\"@type\":\"Organization\",\"@id\":\"https:\/\/www.bodyplay.ch\/#organization\",\"name\":\"BodyPlay\",\"url\":\"https:\/\/www.bodyplay.ch\/\",\"logo\":{\"@type\":\"ImageObject\",\"inLanguage\":\"en-US\",\"@id\":\"https:\/\/www.bodyplay.ch\/#\/schema\/logo\/image\/\",\"url\":\"https:\/\/www.bodyplay.ch\/wp-content\/uploads\/2021\/07\/logo.png\",\"contentUrl\":\"https:\/\/www.bodyplay.ch\/wp-content\/uploads\/2021\/07\/logo.png\",\"width\":1600,\"height\":555,\"caption\":\"BodyPlay\"},\"image\":{\"@id\":\"https:\/\/www.bodyplay.ch\/#\/schema\/logo\/image\/\"}}]}<\/script>\n<!-- \/ Yoast SEO plugin. -->","yoast_head_json":{"title":"Bodyplay\u00a0|\u00a0Gentlemen massage salon, total discretion, in Lausanne","description":"The\u00a0Bodyplay\u00a0gentlemen massage salon opens its doors to you in the\u00a0heart\u00a0of Lausanne.\u00a0The erotic massage salon provides quality escort service.\u00a0High standing hostesses, clean rooms and impeccable hygiene, total discretion, GFE, tantric massage and prostatitis.\u00a0Contact us for any questions.","robots":{"index":"index","follow":"follow","max-snippet":"max-snippet:-1","max-image-preview":"max-image-preview:large","max-video-preview":"max-video-preview:-1"},"canonical":"https:\/\/www.bodyplay.ch\/salon-massage-erotique-lausanne-totale-discretion\/","og_locale":"en_US","og_type":"article","og_title":"Bodyplay\u00a0|\u00a0Gentlemen massage salon, total discretion, in Lausanne","og_description":"The\u00a0Bodyplay\u00a0gentlemen massage salon opens its doors to you in the\u00a0heart\u00a0of Lausanne.\u00a0The erotic massage salon provides quality escort service.\u00a0High standing hostesses, clean rooms and impeccable hygiene, total discretion, GFE, tantric massage and prostatitis.\u00a0Contact us for any questions.","og_url":"https:\/\/www.bodyplay.ch\/salon-massage-erotique-lausanne-totale-discretion\/","og_site_name":"BodyPlay","article_modified_time":"2023-12-11T08:01:16+00:00","twitter_card":"summary_large_image","twitter_misc":{"Est. reading time":"1 minute"},"schema":{"@context":"https:\/\/schema.org","@graph":[{"@type":"WebPage","@id":"https:\/\/www.bodyplay.ch\/salon-massage-erotique-lausanne-totale-discretion\/","url":"https:\/\/www.bodyplay.ch\/salon-massage-erotique-lausanne-totale-discretion\/","name":"Bodyplay\u00a0|\u00a0Gentlemen massage salon, total discretion, in Lausanne","isPartOf":{"@id":"https:\/\/www.bodyplay.ch\/#website"},"datePublished":"2020-03-25T13:47:17+00:00","dateModified":"2023-12-11T08:01:16+00:00","description":"The\u00a0Bodyplay\u00a0gentlemen massage salon opens its doors to you in the\u00a0heart\u00a0of Lausanne.\u00a0The erotic massage salon provides quality escort service.\u00a0High standing hostesses, clean rooms and impeccable hygiene, total discretion, GFE, tantric massage and prostatitis.\u00a0Contact us for any questions.","breadcrumb":{"@id":"https:\/\/www.bodyplay.ch\/salon-massage-erotique-lausanne-totale-discretion\/#breadcrumb"},"inLanguage":"en-US","potentialAction":[{"@type":"ReadAction","target":["https:\/\/www.bodyplay.ch\/salon-massage-erotique-lausanne-totale-discretion\/"]}]},{"@type":"BreadcrumbList","@id":"https:\/\/www.bodyplay.ch\/salon-massage-erotique-lausanne-totale-discretion\/#breadcrumb","itemListElement":[{"@type":"ListItem","position":1,"name":"Accueil","item":"https:\/\/www.bodyplay.ch\/en\/"},{"@type":"ListItem","position":2,"name":"CONTACT"}]},{"@type":"WebSite","@id":"https:\/\/www.bodyplay.ch\/#website","url":"https:\/\/www.bodyplay.ch\/","name":"BodyPlay","description":"Salon massage \u00e9rotique, service escorte de qualit\u00e9 \u00e0 Lausanne","publisher":{"@id":"https:\/\/www.bodyplay.ch\/#organization"},"potentialAction":[{"@type":"SearchAction","target":{"@type":"EntryPoint","urlTemplate":"https:\/\/www.bodyplay.ch\/?s={search_term_string}"},"query-input":{"@type":"PropertyValueSpecification","valueRequired":true,"valueName":"search_term_string"}}],"inLanguage":"en-US"},{"@type":"Organization","@id":"https:\/\/www.bodyplay.ch\/#organization","name":"BodyPlay","url":"https:\/\/www.bodyplay.ch\/","logo":{"@type":"ImageObject","inLanguage":"en-US","@id":"https:\/\/www.bodyplay.ch\/#\/schema\/logo\/image\/","url":"https:\/\/www.bodyplay.ch\/wp-content\/uploads\/2021\/07\/logo.png","contentUrl":"https:\/\/www.bodyplay.ch\/wp-content\/uploads\/2021\/07\/logo.png","width":1600,"height":555,"caption":"BodyPlay"},"image":{"@id":"https:\/\/www.bodyplay.ch\/#\/schema\/logo\/image\/"}}]}},"_links":{"self":[{"href":"https:\/\/www.bodyplay.ch\/en\/wp-json\/wp\/v2\/pages\/52424","targetHints":{"allow":["GET"]}}],"collection":[{"href":"https:\/\/www.bodyplay.ch\/en\/wp-json\/wp\/v2\/pages"}],"about":[{"href":"https:\/\/www.bodyplay.ch\/en\/wp-json\/wp\/v2\/types\/page"}],"author":[{"embeddable":true,"href":"https:\/\/www.bodyplay.ch\/en\/wp-json\/wp\/v2\/users\/1"}],"replies":[{"embeddable":true,"href":"https:\/\/www.bodyplay.ch\/en\/wp-json\/wp\/v2\/comments?post=52424"}],"version-history":[{"count":6,"href":"https:\/\/www.bodyplay.ch\/en\/wp-json\/wp\/v2\/pages\/52424\/revisions"}],"predecessor-version":[{"id":86486,"href":"https:\/\/www.bodyplay.ch\/en\/wp-json\/wp\/v2\/pages\/52424\/revisions\/86486"}],"wp:attachment":[{"href":"https:\/\/www.bodyplay.ch\/en\/wp-json\/wp\/v2\/media?parent=52424"}],"curies":[{"name":"wp","href":"https:\/\/api.w.org\/{rel}","templated":true}]}}